{"id":2,"date":"2016-05-10T03:48:21","date_gmt":"2016-05-10T03:48:21","guid":{"rendered":"http:\/\/pozitifotomasyon.com\/?page_id=2"},"modified":"2025-11-11T12:22:33","modified_gmt":"2025-11-11T12:22:33","slug":"sample-page","status":"publish","type":"page","link":"http:\/\/pozitifotomasyon.com\/?page_id=2","title":{"rendered":"M\u0130SYONUMUZ V\u0130ZYONUMUZ"},"content":{"rendered":"<p>                            M\u0130SYONUMUZ V\u0130ZYONUMUZ<\/p>\n<p>POZ\u0130T\u0130F OTOMASYON ELEKTRON\u0130K VE MAK\u0130NE SANAY\u0130\u0130 T\u0130CARET L\u0130M\u0130TED \u015e\u0130RKET\u0130.<br \/>\n  1 HAZ\u0130RAN 2003 tarihinde iki karde\u015f; Sami ES\u0130M  ve   Necip ES\u0130M taraf\u0131ndan kurulup; End\u00fcstriyel elektrik elektronik makine ve otomasyon  sekt\u00f6r\u00fcnde \u00e7al\u0131\u015fmalar\u0131na ba\u015flam\u0131\u015ft\u0131r.<br \/>\n Bu g\u00fcn kuruldu\u011fumuz yerde Apek \u00dcretmen \u0130\u015f Merkezi\u2019ndeki kendi yerimizde faaliyetlerimize devam etmekteyiz.<br \/>\nMisyonumuz bu sekt\u00f6rde faaliyet g\u00f6steren makine imalat\u00e7\u0131lar\u0131 ve \u00fcretim tesislerinin otomasyon ihtiya\u00e7lar\u0131n\u0131 en uygun ve en pratik bir \u015fekilde \u00e7\u00f6z\u00fcme kavu\u015fturmakt\u0131r.Biz bu nedenle uygulamac\u0131y\u0131z \u00fcr\u00fcn sat\u0131c\u0131s\u0131 de\u011filiz. Herhangi bir malzeme temsilcili\u011fimiz ve bayili\u011fimiz yoktur. Bu nedenle herhangi bir marka veya modele mahkum etmek yerine bu alanda faaliyet g\u00f6steren bir\u00e7ok marka ve modelden i\u015fimize en uygun olan model plc, operat\u00f6r paneli, AC \u2013DC s\u00fcr\u00fcc\u00fc,  servo motor ve s\u00fcr\u00fcc\u00fcleri, step motor ve s\u00fcr\u00fcc\u00fcler gibi otomasyon malzemeleri ve kontakt\u00f6r sigorta termik gibi \u015falt malzemeleri ve \u00e7e\u015fitli \u00f6zelliklerde; fotosel, end\u00fcktif, kapasitif, ultrasonik gibi sens\u00f6rleri. Piyasada ki b\u00fct\u00fcn alternatifleri de\u011ferlendirerek yapaca\u011f\u0131m\u0131z  i\u015f i\u00e7in en uygun olan\u0131 tercih ediyoruz.<br \/>\n                Bizi s\u0131n\u0131rlayan tek \u015fey sizin hayal g\u00fcc\u00fcn\u00fcz . S\u0131n\u0131r  tan\u0131maks\u0131z\u0131n her t\u00fcrl\u00fc otomasyon \u00e7\u00f6z\u00fcmlerini ba\u015far\u0131yla uygulad\u0131k uyguluyoruz ve bundan sonra da m\u00fc\u015fterilerimizin talebi do\u011frultusunda uygulamaya devam edece\u011fiz.Di\u011fer bir deyi\u015fle  gerekti\u011finde ihtiyac\u0131m\u0131z olan \u00fcr\u00fcn\u00fc kendimiz \u00fcreterek siz de\u011ferli m\u00fc\u015fterilerimizin hayallerini ger\u00e7ekle\u015ftirmeye devam edece\u011fiz. \u0130mkans\u0131z diye bi\u015fey yoktur.<\/p>\n","protected":false},"excerpt":{"rendered":"<p>M\u0130SYONUMUZ V\u0130ZYONUMUZ POZ\u0130T\u0130F OTOMASYON ELEKTRON\u0130K VE MAK\u0130NE SANAY\u0130\u0130 T\u0130CARET L\u0130M\u0130TED \u015e\u0130RKET\u0130. 1 HAZ\u0130RAN 2003 tarihinde iki karde\u015f; Sami ES\u0130M ve Necip ES\u0130M taraf\u0131ndan kurulup; End\u00fcstriyel elektrik elektronik makine ve otomasyon sekt\u00f6r\u00fcnde \u00e7al\u0131\u015fmalar\u0131na ba\u015flam\u0131\u015ft\u0131r. Bu g\u00fcn kuruldu\u011fumuz yerde Apek \u00dcretmen \u0130\u015f Merkezi\u2019ndeki kendi yerimizde faaliyetlerimize devam etmekteyiz. Misyonumuz bu sekt\u00f6rde faaliyet g\u00f6steren makine imalat\u00e7\u0131lar\u0131 ve \u00fcretim [&hellip;]<\/p>\n","protected":false},"author":1,"featured_media":14,"parent":0,"menu_order":0,"comment_status":"closed","ping_status":"open","template":"","meta":{"footnotes":""},"class_list":["post-2","page","type-page","status-publish","has-post-thumbnail","hentry"],"_links":{"self":[{"href":"http:\/\/pozitifotomasyon.com\/index.php?rest_route=\/wp\/v2\/pages\/2","targetHints":{"allow":["GET"]}}],"collection":[{"href":"http:\/\/pozitifotomasyon.com\/index.php?rest_route=\/wp\/v2\/pages"}],"about":[{"href":"http:\/\/pozitifotomasyon.com\/index.php?rest_route=\/wp\/v2\/types\/page"}],"author":[{"embeddable":true,"href":"http:\/\/pozitifotomasyon.com\/index.php?rest_route=\/wp\/v2\/users\/1"}],"replies":[{"embeddable":true,"href":"http:\/\/pozitifotomasyon.com\/index.php?rest_route=%2Fwp%2Fv2%2Fcomments&post=2"}],"version-history":[{"count":3,"href":"http:\/\/pozitifotomasyon.com\/index.php?rest_route=\/wp\/v2\/pages\/2\/revisions"}],"predecessor-version":[{"id":24,"href":"http:\/\/pozitifotomasyon.com\/index.php?rest_route=\/wp\/v2\/pages\/2\/revisions\/24"}],"wp:featuredmedia":[{"embeddable":true,"href":"http:\/\/pozitifotomasyon.com\/index.php?rest_route=\/wp\/v2\/media\/14"}],"wp:attachment":[{"href":"http:\/\/pozitifotomasyon.com\/index.php?rest_route=%2Fwp%2Fv2%2Fmedia&parent=2"}],"curies":[{"name":"wp","href":"https:\/\/api.w.org\/{rel}","templated":true}]}}